{"id":326,"date":"2022-02-16T15:30:07","date_gmt":"2022-02-16T14:30:07","guid":{"rendered":"https:\/\/aef-elkantara.fr\/?page_id=326"},"modified":"2022-03-21T19:20:05","modified_gmt":"2022-03-21T18:20:05","slug":"activites-frais-inhumation","status":"publish","type":"page","link":"https:\/\/aef-elkantara.fr\/index.php\/activites-frais-inhumation\/","title":{"rendered":"Activit\u00e9s"},"content":{"rendered":"\t\t<div data-elementor-type=\"wp-page\" data-elementor-id=\"326\" class=\"elementor elementor-326\">\n\t\t\t\t\t\t<section class=\"elementor-section elementor-top-section elementor-element elementor-element-73fc52bc elementor-section-boxed elementor-section-height-default elementor-section-height-default\" data-id=\"73fc52bc\" data-element_type=\"section\" data-e-type=\"section\">\n\t\t\t\t\t\t<div class=\"elementor-container elementor-column-gap-default\">\n\t\t\t\t\t<div class=\"elementor-column elementor-col-100 elementor-top-column elementor-element elementor-element-3cb96c4f\" data-id=\"3cb96c4f\" data-element_type=\"column\" data-e-type=\"column\">\n\t\t\t<div class=\"elementor-widget-wrap elementor-element-populated\">\n\t\t\t\t\t\t<div class=\"elementor-element elementor-element-3f28ebb elementor-invisible elementor-widget elementor-widget-shortcode\" data-id=\"3f28ebb\" data-element_type=\"widget\" data-e-type=\"widget\" data-settings=\"{&quot;_animation&quot;:&quot;fadeInLeft&quot;}\" data-widget_type=\"shortcode.default\">\n\t\t\t\t<div class=\"elementor-widget-container\">\n\t\t\t\t\t\t\t<div class=\"elementor-shortcode\"><span><span><a href=\"https:\/\/aef-elkantara.fr\/\">Accueil<\/a><\/span><\/span><\/div>\n\t\t\t\t\t\t<\/div>\n\t\t\t\t<\/div>\n\t\t\t\t<div class=\"elementor-element elementor-element-bda7f12 elementor-widget elementor-widget-text-editor\" data-id=\"bda7f12\" data-element_type=\"widget\" data-e-type=\"widget\" data-widget_type=\"text-editor.default\">\n\t\t\t\t<div class=\"elementor-widget-container\">\n\t\t\t\t\t\t\t\t\t<p><em><strong>Notre vocation initiale \u00e9tait de venir en aide aux El Kantariens vivant en France et par ailleurs les frais d\u2019inhumation, que ce soit en France ou en Alg\u00e9rie, peuvent repr\u00e9senter un co\u00fbt \u00e9lev\u00e9 pour les familles traversant un moment douloureux..<\/strong><\/em><\/p><p>Depuis, ce n\u2019est plus notre unique activit\u00e9. Nous venons par exemple en aide \u00e0 tous les Kantariens en r\u00e9alisant des donations et en leur envoyant des fonds avec lesquelles ils ont achet\u00e9 diff\u00e9rentes fournitures m\u00e9dicales.<\/p><p>Afin de vous \u00e9viter tous les soucis li\u00e9s \u00e0 l\u2019organisation et aux frais financiers, nous avons mis en place 3 types d&rsquo;activit\u00e9s :<\/p>\t\t\t\t\t\t\t\t<\/div>\n\t\t\t\t<\/div>\n\t\t\t\t<section class=\"elementor-section elementor-inner-section elementor-element elementor-element-8cff3d3 elementor-section-boxed elementor-section-height-default elementor-section-height-default\" data-id=\"8cff3d3\" data-element_type=\"section\" data-e-type=\"section\">\n\t\t\t\t\t\t<div class=\"elementor-container elementor-column-gap-default\">\n\t\t\t\t\t<div class=\"elementor-column elementor-col-33 elementor-inner-column elementor-element elementor-element-2891438\" data-id=\"2891438\" data-element_type=\"column\" data-e-type=\"column\">\n\t\t\t<div class=\"elementor-widget-wrap elementor-element-populated\">\n\t\t\t\t\t\t<div class=\"elementor-element elementor-element-dfc626e elementor-widget elementor-widget-heading\" data-id=\"dfc626e\" data-element_type=\"widget\" data-e-type=\"widget\" data-widget_type=\"heading.default\">\n\t\t\t\t<div class=\"elementor-widget-container\">\n\t\t\t\t\t<h4 class=\"elementor-heading-title elementor-size-default\">Aide au rapatriement<\/h4>\t\t\t\t<\/div>\n\t\t\t\t<\/div>\n\t\t\t\t<div class=\"elementor-element elementor-element-5eeddb5 elementor-widget elementor-widget-image\" data-id=\"5eeddb5\" data-element_type=\"widget\" data-e-type=\"widget\" data-widget_type=\"image.default\">\n\t\t\t\t<div class=\"elementor-widget-container\">\n\t\t\t\t\t\t\t\t\t\t\t\t\t\t\t<img fetchpriority=\"high\" decoding=\"async\" width=\"750\" height=\"500\" src=\"https:\/\/aef-elkantara.fr\/wp-content\/uploads\/2022\/03\/Une-tombe-musulmane-1024x683.jpg\" class=\"attachment-large size-large wp-image-490\" alt=\"\" srcset=\"https:\/\/aef-elkantara.fr\/wp-content\/uploads\/2022\/03\/Une-tombe-musulmane-1024x683.jpg 1024w, https:\/\/aef-elkantara.fr\/wp-content\/uploads\/2022\/03\/Une-tombe-musulmane-300x200.jpg 300w, https:\/\/aef-elkantara.fr\/wp-content\/uploads\/2022\/03\/Une-tombe-musulmane-768x512.jpg 768w, https:\/\/aef-elkantara.fr\/wp-content\/uploads\/2022\/03\/Une-tombe-musulmane-1536x1024.jpg 1536w, https:\/\/aef-elkantara.fr\/wp-content\/uploads\/2022\/03\/Une-tombe-musulmane-360x240.jpg 360w, https:\/\/aef-elkantara.fr\/wp-content\/uploads\/2022\/03\/Une-tombe-musulmane.jpg 1600w\" sizes=\"(max-width: 750px) 100vw, 750px\" \/>\t\t\t\t\t\t\t\t\t\t\t\t\t\t\t<\/div>\n\t\t\t\t<\/div>\n\t\t\t\t<div class=\"elementor-element elementor-element-103cea1 elementor-widget elementor-widget-text-editor\" data-id=\"103cea1\" data-element_type=\"widget\" data-e-type=\"widget\" data-widget_type=\"text-editor.default\">\n\t\t\t\t<div class=\"elementor-widget-container\">\n\t\t\t\t\t\t\t\t\t<p>Nous accompagnons les familles des defunts dans le moment douloureux qu\u2019est la perte d\u2019un proche en proposant un forfait et <strong>frais d\u2019inhumation<\/strong> et de rapatriement en Alg\u00e9rie.<\/p>\t\t\t\t\t\t\t\t<\/div>\n\t\t\t\t<\/div>\n\t\t\t\t<div class=\"elementor-element elementor-element-b9c484e elementor-align-center elementor-widget elementor-widget-button\" data-id=\"b9c484e\" data-element_type=\"widget\" data-e-type=\"widget\" data-widget_type=\"button.default\">\n\t\t\t\t<div class=\"elementor-widget-container\">\n\t\t\t\t\t\t\t\t\t<div class=\"elementor-button-wrapper\">\n\t\t\t\t\t<a class=\"elementor-button elementor-button-link elementor-size-sm\" href=\"https:\/\/aef-elkantara.fr\/index.php\/activites\/aides-au-rapatriement-des-defunts\/\">\n\t\t\t\t\t\t<span class=\"elementor-button-content-wrapper\">\n\t\t\t\t\t\t\t\t\t<span class=\"elementor-button-text\">En savoir plus<\/span>\n\t\t\t\t\t<\/span>\n\t\t\t\t\t<\/a>\n\t\t\t\t<\/div>\n\t\t\t\t\t\t\t\t<\/div>\n\t\t\t\t<\/div>\n\t\t\t\t\t<\/div>\n\t\t<\/div>\n\t\t\t\t<div class=\"elementor-column elementor-col-33 elementor-inner-column elementor-element elementor-element-d2c7982\" data-id=\"d2c7982\" data-element_type=\"column\" data-e-type=\"column\">\n\t\t\t<div class=\"elementor-widget-wrap elementor-element-populated\">\n\t\t\t\t\t\t<div class=\"elementor-element elementor-element-98b2edb elementor-widget elementor-widget-heading\" data-id=\"98b2edb\" data-element_type=\"widget\" data-e-type=\"widget\" data-widget_type=\"heading.default\">\n\t\t\t\t<div class=\"elementor-widget-container\">\n\t\t\t\t\t<h4 class=\"elementor-heading-title elementor-size-default\">Donations et entraide<\/h4>\t\t\t\t<\/div>\n\t\t\t\t<\/div>\n\t\t\t\t<div class=\"elementor-element elementor-element-9b1fe69 elementor-widget elementor-widget-image\" data-id=\"9b1fe69\" data-element_type=\"widget\" data-e-type=\"widget\" data-widget_type=\"image.default\">\n\t\t\t\t<div class=\"elementor-widget-container\">\n\t\t\t\t\t\t\t\t\t\t\t\t\t\t\t<img decoding=\"async\" width=\"750\" height=\"500\" src=\"https:\/\/aef-elkantara.fr\/wp-content\/uploads\/2022\/03\/donation-scaled.jpg\" class=\"attachment-large size-large wp-image-488\" alt=\"\" srcset=\"https:\/\/aef-elkantara.fr\/wp-content\/uploads\/2022\/03\/donation-scaled.jpg 2560w, https:\/\/aef-elkantara.fr\/wp-content\/uploads\/2022\/03\/donation-300x200.jpg 300w\" sizes=\"(max-width: 750px) 100vw, 750px\" \/>\t\t\t\t\t\t\t\t\t\t\t\t\t\t\t<\/div>\n\t\t\t\t<\/div>\n\t\t\t\t<div class=\"elementor-element elementor-element-81ccd0d elementor-widget elementor-widget-text-editor\" data-id=\"81ccd0d\" data-element_type=\"widget\" data-e-type=\"widget\" data-widget_type=\"text-editor.default\">\n\t\t\t\t<div class=\"elementor-widget-container\">\n\t\t\t\t\t\t\t\t\t<p>Nous sommes amen\u00e9s \u00e0 r\u00e9aliser des donations \u00e0 des fins m\u00e9dicales, que ce soit aupr\u00e8s des h\u00f4pitaux alg\u00e9riens, des associations locales, ou des familles d\u2019El Kantara en difficult\u00e9.<\/p>\t\t\t\t\t\t\t\t<\/div>\n\t\t\t\t<\/div>\n\t\t\t\t<div class=\"elementor-element elementor-element-4fe299e elementor-align-center elementor-widget elementor-widget-button\" data-id=\"4fe299e\" data-element_type=\"widget\" data-e-type=\"widget\" data-widget_type=\"button.default\">\n\t\t\t\t<div class=\"elementor-widget-container\">\n\t\t\t\t\t\t\t\t\t<div class=\"elementor-button-wrapper\">\n\t\t\t\t\t<a class=\"elementor-button elementor-button-link elementor-size-sm\" href=\"https:\/\/aef-elkantara.fr\/index.php\/activites\/donations\/\">\n\t\t\t\t\t\t<span class=\"elementor-button-content-wrapper\">\n\t\t\t\t\t\t\t\t\t<span class=\"elementor-button-text\">En savoir plus<\/span>\n\t\t\t\t\t<\/span>\n\t\t\t\t\t<\/a>\n\t\t\t\t<\/div>\n\t\t\t\t\t\t\t\t<\/div>\n\t\t\t\t<\/div>\n\t\t\t\t\t<\/div>\n\t\t<\/div>\n\t\t\t\t<div class=\"elementor-column elementor-col-33 elementor-inner-column elementor-element elementor-element-497b97d\" data-id=\"497b97d\" data-element_type=\"column\" data-e-type=\"column\">\n\t\t\t<div class=\"elementor-widget-wrap elementor-element-populated\">\n\t\t\t\t\t\t<div class=\"elementor-element elementor-element-8c52805 elementor-widget elementor-widget-heading\" data-id=\"8c52805\" data-element_type=\"widget\" data-e-type=\"widget\" data-widget_type=\"heading.default\">\n\t\t\t\t<div class=\"elementor-widget-container\">\n\t\t\t\t\t<h4 class=\"elementor-heading-title elementor-size-default\">Aide aux obs\u00e8ques<\/h4>\t\t\t\t<\/div>\n\t\t\t\t<\/div>\n\t\t\t\t<div class=\"elementor-element elementor-element-8b9f709 elementor-widget elementor-widget-image\" data-id=\"8b9f709\" data-element_type=\"widget\" data-e-type=\"widget\" data-widget_type=\"image.default\">\n\t\t\t\t<div class=\"elementor-widget-container\">\n\t\t\t\t\t\t\t\t\t\t\t\t\t\t\t<img decoding=\"async\" width=\"880\" height=\"586\" src=\"https:\/\/aef-elkantara.fr\/wp-content\/uploads\/2022\/03\/pink-rose-grey-marble-gravestone-grave-symbol-love.jpg\" class=\"attachment-full size-full wp-image-492\" alt=\"\" srcset=\"https:\/\/aef-elkantara.fr\/wp-content\/uploads\/2022\/03\/pink-rose-grey-marble-gravestone-grave-symbol-love.jpg 880w, https:\/\/aef-elkantara.fr\/wp-content\/uploads\/2022\/03\/pink-rose-grey-marble-gravestone-grave-symbol-love-300x200.jpg 300w, https:\/\/aef-elkantara.fr\/wp-content\/uploads\/2022\/03\/pink-rose-grey-marble-gravestone-grave-symbol-love-768x511.jpg 768w, https:\/\/aef-elkantara.fr\/wp-content\/uploads\/2022\/03\/pink-rose-grey-marble-gravestone-grave-symbol-love-360x240.jpg 360w\" sizes=\"(max-width: 880px) 100vw, 880px\" \/>\t\t\t\t\t\t\t\t\t\t\t\t\t\t\t<\/div>\n\t\t\t\t<\/div>\n\t\t\t\t<div class=\"elementor-element elementor-element-30a670d elementor-widget elementor-widget-text-editor\" data-id=\"30a670d\" data-element_type=\"widget\" data-e-type=\"widget\" data-widget_type=\"text-editor.default\">\n\t\t\t\t<div class=\"elementor-widget-container\">\n\t\t\t\t\t\t\t\t\t<p>Nous proposons \u00e9galement un forfait et <strong>frais d\u2019inhumation<\/strong> en France pour les familles des\u00a0 adh\u00e9rentes de notre association \u00ab\u00a0<span>Assoc d\u2019El Kantara vivant en France\u00a0\u00bb.<\/span><\/p>\t\t\t\t\t\t\t\t<\/div>\n\t\t\t\t<\/div>\n\t\t\t\t<div class=\"elementor-element elementor-element-1c6a131 elementor-align-center elementor-widget elementor-widget-button\" data-id=\"1c6a131\" data-element_type=\"widget\" data-e-type=\"widget\" data-widget_type=\"button.default\">\n\t\t\t\t<div class=\"elementor-widget-container\">\n\t\t\t\t\t\t\t\t\t<div class=\"elementor-button-wrapper\">\n\t\t\t\t\t<a class=\"elementor-button elementor-button-link elementor-size-sm\" href=\"https:\/\/aef-elkantara.fr\/index.php\/activites\/aides-aux-obseques\/\">\n\t\t\t\t\t\t<span class=\"elementor-button-content-wrapper\">\n\t\t\t\t\t\t\t\t\t<span class=\"elementor-button-text\">En savoir plus<\/span>\n\t\t\t\t\t<\/span>\n\t\t\t\t\t<\/a>\n\t\t\t\t<\/div>\n\t\t\t\t\t\t\t\t<\/div>\n\t\t\t\t<\/div>\n\t\t\t\t\t<\/div>\n\t\t<\/div>\n\t\t\t\t\t<\/div>\n\t\t<\/section>\n\t\t\t\t\t<\/div>\n\t\t<\/div>\n\t\t\t\t\t<\/div>\n\t\t<\/section>\n\t\t\t\t<\/div>\n\t\t","protected":false},"excerpt":{"rendered":"<p>Notre vocation initiale \u00e9tait de venir en aide aux El Kantariens vivant en France et par ailleurs les frais d\u2019inhumation, que ce soit en France ou en Alg\u00e9rie, peuvent repr\u00e9senter un co\u00fbt \u00e9lev\u00e9 pour les familles traversant un moment douloureux.. Depuis, ce n\u2019est plus notre unique activit\u00e9. Nous venons par [&hellip;]<\/p>\n","protected":false},"author":1,"featured_media":14,"parent":0,"menu_order":0,"comment_status":"closed","ping_status":"closed","template":"","meta":{"_themeisle_gutenberg_block_has_review":false,"footnotes":""},"class_list":["post-326","page","type-page","status-publish","has-post-thumbnail","hentry"],"yoast_head":"<!-- This site is optimized with the Yoast SEO plugin v27.3 - https:\/\/yoast.com\/product\/yoast-seo-wordpress\/ -->\n<title>Aide aux frais inhumation - Activit\u00e9s - AEF el Kantara<\/title>\n<meta name=\"description\" content=\"Notre vocation initiale \u00e9tait de venir en aide aux El Kantariens vivant en France pour les frais d\u2019inhumation et de donations\" \/>\n<meta name=\"robots\" content=\"index, follow, max-snippet:-1, max-image-preview:large, max-video-preview:-1\" \/>\n<link rel=\"canonical\" href=\"https:\/\/aef-elkantara.fr\/index.php\/activites-frais-inhumation\/\" \/>\n<meta property=\"og:locale\" content=\"fr_FR\" \/>\n<meta property=\"og:type\" content=\"article\" \/>\n<meta property=\"og:title\" content=\"Aide aux frais inhumation - Activit\u00e9s - AEF el Kantara\" \/>\n<meta property=\"og:description\" content=\"Notre vocation initiale \u00e9tait de venir en aide aux El Kantariens vivant en France pour les frais d\u2019inhumation et de donations\" \/>\n<meta property=\"og:url\" content=\"https:\/\/aef-elkantara.fr\/index.php\/activites-frais-inhumation\/\" \/>\n<meta property=\"og:site_name\" content=\"AEF el Kantara\" \/>\n<meta property=\"article:modified_time\" content=\"2022-03-21T18:20:05+00:00\" \/>\n<meta property=\"og:image\" content=\"http:\/\/aef-elkantara.fr\/wp-content\/uploads\/2022\/02\/les-gorges.jpg\" \/>\n\t<meta property=\"og:image:width\" content=\"1280\" \/>\n\t<meta property=\"og:image:height\" content=\"720\" \/>\n\t<meta property=\"og:image:type\" content=\"image\/jpeg\" \/>\n<meta name=\"twitter:card\" content=\"summary_large_image\" \/>\n<meta name=\"twitter:label1\" content=\"Dur\u00e9e de lecture estim\u00e9e\" \/>\n\t<meta name=\"twitter:data1\" content=\"2 minutes\" \/>\n<script type=\"application\/ld+json\" class=\"yoast-schema-graph\">{\"@context\":\"https:\\\/\\\/schema.org\",\"@graph\":[{\"@type\":\"WebPage\",\"@id\":\"https:\\\/\\\/aef-elkantara.fr\\\/index.php\\\/activites-frais-inhumation\\\/\",\"url\":\"https:\\\/\\\/aef-elkantara.fr\\\/index.php\\\/activites-frais-inhumation\\\/\",\"name\":\"Aide aux frais inhumation - Activit\u00e9s - AEF el Kantara\",\"isPartOf\":{\"@id\":\"https:\\\/\\\/aef-elkantara.fr\\\/#website\"},\"primaryImageOfPage\":{\"@id\":\"https:\\\/\\\/aef-elkantara.fr\\\/index.php\\\/activites-frais-inhumation\\\/#primaryimage\"},\"image\":{\"@id\":\"https:\\\/\\\/aef-elkantara.fr\\\/index.php\\\/activites-frais-inhumation\\\/#primaryimage\"},\"thumbnailUrl\":\"https:\\\/\\\/aef-elkantara.fr\\\/wp-content\\\/uploads\\\/2022\\\/02\\\/les-gorges.jpg\",\"datePublished\":\"2022-02-16T14:30:07+00:00\",\"dateModified\":\"2022-03-21T18:20:05+00:00\",\"description\":\"Notre vocation initiale \u00e9tait de venir en aide aux El Kantariens vivant en France pour les frais d\u2019inhumation et de donations\",\"breadcrumb\":{\"@id\":\"https:\\\/\\\/aef-elkantara.fr\\\/index.php\\\/activites-frais-inhumation\\\/#breadcrumb\"},\"inLanguage\":\"fr-FR\",\"potentialAction\":[{\"@type\":\"ReadAction\",\"target\":[\"https:\\\/\\\/aef-elkantara.fr\\\/index.php\\\/activites-frais-inhumation\\\/\"]}]},{\"@type\":\"ImageObject\",\"inLanguage\":\"fr-FR\",\"@id\":\"https:\\\/\\\/aef-elkantara.fr\\\/index.php\\\/activites-frais-inhumation\\\/#primaryimage\",\"url\":\"https:\\\/\\\/aef-elkantara.fr\\\/wp-content\\\/uploads\\\/2022\\\/02\\\/les-gorges.jpg\",\"contentUrl\":\"https:\\\/\\\/aef-elkantara.fr\\\/wp-content\\\/uploads\\\/2022\\\/02\\\/les-gorges.jpg\",\"width\":1280,\"height\":720},{\"@type\":\"BreadcrumbList\",\"@id\":\"https:\\\/\\\/aef-elkantara.fr\\\/index.php\\\/activites-frais-inhumation\\\/#breadcrumb\",\"itemListElement\":[{\"@type\":\"ListItem\",\"position\":1,\"name\":\"Accueil\",\"item\":\"https:\\\/\\\/aef-elkantara.fr\\\/\"},{\"@type\":\"ListItem\",\"position\":2,\"name\":\"Activit\u00e9s\"}]},{\"@type\":\"WebSite\",\"@id\":\"https:\\\/\\\/aef-elkantara.fr\\\/#website\",\"url\":\"https:\\\/\\\/aef-elkantara.fr\\\/\",\"name\":\"AEF el Kantara\",\"description\":\"Assoc d\u2019El Kantara vivant en France\",\"publisher\":{\"@id\":\"https:\\\/\\\/aef-elkantara.fr\\\/#organization\"},\"potentialAction\":[{\"@type\":\"SearchAction\",\"target\":{\"@type\":\"EntryPoint\",\"urlTemplate\":\"https:\\\/\\\/aef-elkantara.fr\\\/?s={search_term_string}\"},\"query-input\":{\"@type\":\"PropertyValueSpecification\",\"valueRequired\":true,\"valueName\":\"search_term_string\"}}],\"inLanguage\":\"fr-FR\"},{\"@type\":\"Organization\",\"@id\":\"https:\\\/\\\/aef-elkantara.fr\\\/#organization\",\"name\":\"AEF el Kantara\",\"url\":\"https:\\\/\\\/aef-elkantara.fr\\\/\",\"logo\":{\"@type\":\"ImageObject\",\"inLanguage\":\"fr-FR\",\"@id\":\"https:\\\/\\\/aef-elkantara.fr\\\/#\\\/schema\\\/logo\\\/image\\\/\",\"url\":\"https:\\\/\\\/aef-elkantara.fr\\\/wp-content\\\/uploads\\\/2022\\\/02\\\/Black-logo-no-background.png\",\"contentUrl\":\"https:\\\/\\\/aef-elkantara.fr\\\/wp-content\\\/uploads\\\/2022\\\/02\\\/Black-logo-no-background.png\",\"width\":3183,\"height\":3113,\"caption\":\"AEF el Kantara\"},\"image\":{\"@id\":\"https:\\\/\\\/aef-elkantara.fr\\\/#\\\/schema\\\/logo\\\/image\\\/\"}}]}<\/script>\n<!-- \/ Yoast SEO plugin. -->","yoast_head_json":{"title":"Aide aux frais inhumation - Activit\u00e9s - AEF el Kantara","description":"Notre vocation initiale \u00e9tait de venir en aide aux El Kantariens vivant en France pour les frais d\u2019inhumation et de donations","robots":{"index":"index","follow":"follow","max-snippet":"max-snippet:-1","max-image-preview":"max-image-preview:large","max-video-preview":"max-video-preview:-1"},"canonical":"https:\/\/aef-elkantara.fr\/index.php\/activites-frais-inhumation\/","og_locale":"fr_FR","og_type":"article","og_title":"Aide aux frais inhumation - Activit\u00e9s - AEF el Kantara","og_description":"Notre vocation initiale \u00e9tait de venir en aide aux El Kantariens vivant en France pour les frais d\u2019inhumation et de donations","og_url":"https:\/\/aef-elkantara.fr\/index.php\/activites-frais-inhumation\/","og_site_name":"AEF el Kantara","article_modified_time":"2022-03-21T18:20:05+00:00","og_image":[{"width":1280,"height":720,"url":"http:\/\/aef-elkantara.fr\/wp-content\/uploads\/2022\/02\/les-gorges.jpg","type":"image\/jpeg"}],"twitter_card":"summary_large_image","twitter_misc":{"Dur\u00e9e de lecture estim\u00e9e":"2 minutes"},"schema":{"@context":"https:\/\/schema.org","@graph":[{"@type":"WebPage","@id":"https:\/\/aef-elkantara.fr\/index.php\/activites-frais-inhumation\/","url":"https:\/\/aef-elkantara.fr\/index.php\/activites-frais-inhumation\/","name":"Aide aux frais inhumation - Activit\u00e9s - AEF el Kantara","isPartOf":{"@id":"https:\/\/aef-elkantara.fr\/#website"},"primaryImageOfPage":{"@id":"https:\/\/aef-elkantara.fr\/index.php\/activites-frais-inhumation\/#primaryimage"},"image":{"@id":"https:\/\/aef-elkantara.fr\/index.php\/activites-frais-inhumation\/#primaryimage"},"thumbnailUrl":"https:\/\/aef-elkantara.fr\/wp-content\/uploads\/2022\/02\/les-gorges.jpg","datePublished":"2022-02-16T14:30:07+00:00","dateModified":"2022-03-21T18:20:05+00:00","description":"Notre vocation initiale \u00e9tait de venir en aide aux El Kantariens vivant en France pour les frais d\u2019inhumation et de donations","breadcrumb":{"@id":"https:\/\/aef-elkantara.fr\/index.php\/activites-frais-inhumation\/#breadcrumb"},"inLanguage":"fr-FR","potentialAction":[{"@type":"ReadAction","target":["https:\/\/aef-elkantara.fr\/index.php\/activites-frais-inhumation\/"]}]},{"@type":"ImageObject","inLanguage":"fr-FR","@id":"https:\/\/aef-elkantara.fr\/index.php\/activites-frais-inhumation\/#primaryimage","url":"https:\/\/aef-elkantara.fr\/wp-content\/uploads\/2022\/02\/les-gorges.jpg","contentUrl":"https:\/\/aef-elkantara.fr\/wp-content\/uploads\/2022\/02\/les-gorges.jpg","width":1280,"height":720},{"@type":"BreadcrumbList","@id":"https:\/\/aef-elkantara.fr\/index.php\/activites-frais-inhumation\/#breadcrumb","itemListElement":[{"@type":"ListItem","position":1,"name":"Accueil","item":"https:\/\/aef-elkantara.fr\/"},{"@type":"ListItem","position":2,"name":"Activit\u00e9s"}]},{"@type":"WebSite","@id":"https:\/\/aef-elkantara.fr\/#website","url":"https:\/\/aef-elkantara.fr\/","name":"AEF el Kantara","description":"Assoc d\u2019El Kantara vivant en France","publisher":{"@id":"https:\/\/aef-elkantara.fr\/#organization"},"potentialAction":[{"@type":"SearchAction","target":{"@type":"EntryPoint","urlTemplate":"https:\/\/aef-elkantara.fr\/?s={search_term_string}"},"query-input":{"@type":"PropertyValueSpecification","valueRequired":true,"valueName":"search_term_string"}}],"inLanguage":"fr-FR"},{"@type":"Organization","@id":"https:\/\/aef-elkantara.fr\/#organization","name":"AEF el Kantara","url":"https:\/\/aef-elkantara.fr\/","logo":{"@type":"ImageObject","inLanguage":"fr-FR","@id":"https:\/\/aef-elkantara.fr\/#\/schema\/logo\/image\/","url":"https:\/\/aef-elkantara.fr\/wp-content\/uploads\/2022\/02\/Black-logo-no-background.png","contentUrl":"https:\/\/aef-elkantara.fr\/wp-content\/uploads\/2022\/02\/Black-logo-no-background.png","width":3183,"height":3113,"caption":"AEF el Kantara"},"image":{"@id":"https:\/\/aef-elkantara.fr\/#\/schema\/logo\/image\/"}}]}},"_links":{"self":[{"href":"https:\/\/aef-elkantara.fr\/index.php\/wp-json\/wp\/v2\/pages\/326","targetHints":{"allow":["GET"]}}],"collection":[{"href":"https:\/\/aef-elkantara.fr\/index.php\/wp-json\/wp\/v2\/pages"}],"about":[{"href":"https:\/\/aef-elkantara.fr\/index.php\/wp-json\/wp\/v2\/types\/page"}],"author":[{"embeddable":true,"href":"https:\/\/aef-elkantara.fr\/index.php\/wp-json\/wp\/v2\/users\/1"}],"replies":[{"embeddable":true,"href":"https:\/\/aef-elkantara.fr\/index.php\/wp-json\/wp\/v2\/comments?post=326"}],"version-history":[{"count":87,"href":"https:\/\/aef-elkantara.fr\/index.php\/wp-json\/wp\/v2\/pages\/326\/revisions"}],"predecessor-version":[{"id":942,"href":"https:\/\/aef-elkantara.fr\/index.php\/wp-json\/wp\/v2\/pages\/326\/revisions\/942"}],"wp:featuredmedia":[{"embeddable":true,"href":"https:\/\/aef-elkantara.fr\/index.php\/wp-json\/wp\/v2\/media\/14"}],"wp:attachment":[{"href":"https:\/\/aef-elkantara.fr\/index.php\/wp-json\/wp\/v2\/media?parent=326"}],"curies":[{"name":"wp","href":"https:\/\/api.w.org\/{rel}","templated":true}]}}