{"id":328,"date":"2022-02-16T15:31:49","date_gmt":"2022-02-16T14:31:49","guid":{"rendered":"https:\/\/aef-elkantara.fr\/?page_id=328"},"modified":"2022-03-21T18:59:26","modified_gmt":"2022-03-21T17:59:26","slug":"aides-au-rapatriement-des-defunts-inhumation-en-algerie","status":"publish","type":"page","link":"https:\/\/aef-elkantara.fr\/index.php\/activites-frais-inhumation\/aides-au-rapatriement-des-defunts-inhumation-en-algerie\/","title":{"rendered":"Aide au rapatriement des d\u00e9funts"},"content":{"rendered":"\t\t<div data-elementor-type=\"wp-page\" data-elementor-id=\"328\" class=\"elementor elementor-328\">\n\t\t\t\t\t\t<section class=\"elementor-section elementor-top-section elementor-element elementor-element-75d99b1 elementor-section-boxed elementor-section-height-default elementor-section-height-default\" data-id=\"75d99b1\" data-element_type=\"section\" data-e-type=\"section\">\n\t\t\t\t\t\t<div class=\"elementor-container elementor-column-gap-default\">\n\t\t\t\t\t<div class=\"elementor-column elementor-col-100 elementor-top-column elementor-element elementor-element-7b10ece\" data-id=\"7b10ece\" data-element_type=\"column\" data-e-type=\"column\">\n\t\t\t<div class=\"elementor-widget-wrap elementor-element-populated\">\n\t\t\t\t\t\t<div class=\"elementor-element elementor-element-e655dad elementor-invisible elementor-widget elementor-widget-shortcode\" data-id=\"e655dad\" data-element_type=\"widget\" data-e-type=\"widget\" data-settings=\"{&quot;_animation&quot;:&quot;fadeInLeft&quot;}\" data-widget_type=\"shortcode.default\">\n\t\t\t\t<div class=\"elementor-widget-container\">\n\t\t\t\t\t\t\t<div class=\"elementor-shortcode\"><span><span><a href=\"https:\/\/aef-elkantara.fr\/\">Accueil<\/a><\/span><\/span><\/div>\n\t\t\t\t\t\t<\/div>\n\t\t\t\t<\/div>\n\t\t\t\t<div class=\"elementor-element elementor-element-e51dacc elementor-widget elementor-widget-heading\" data-id=\"e51dacc\" data-element_type=\"widget\" data-e-type=\"widget\" data-widget_type=\"heading.default\">\n\t\t\t\t<div class=\"elementor-widget-container\">\n\t\t\t\t\t<h5 class=\"elementor-heading-title elementor-size-default\">Inhumation en Alg\u00e9rie :<\/h5>\t\t\t\t<\/div>\n\t\t\t\t<\/div>\n\t\t\t\t\t<\/div>\n\t\t<\/div>\n\t\t\t\t\t<\/div>\n\t\t<\/section>\n\t\t\t\t<section class=\"elementor-section elementor-top-section elementor-element elementor-element-2a9860c elementor-section-boxed elementor-section-height-default elementor-section-height-default\" data-id=\"2a9860c\" data-element_type=\"section\" data-e-type=\"section\">\n\t\t\t\t\t\t<div class=\"elementor-container elementor-column-gap-default\">\n\t\t\t\t\t<div class=\"elementor-column elementor-col-50 elementor-top-column elementor-element elementor-element-089ab10\" data-id=\"089ab10\" data-element_type=\"column\" data-e-type=\"column\">\n\t\t\t<div class=\"elementor-widget-wrap elementor-element-populated\">\n\t\t\t\t\t\t<div class=\"elementor-element elementor-element-9a5064f elementor-widget elementor-widget-image\" data-id=\"9a5064f\" data-element_type=\"widget\" data-e-type=\"widget\" data-widget_type=\"image.default\">\n\t\t\t\t<div class=\"elementor-widget-container\">\n\t\t\t\t\t\t\t\t\t\t\t\t\t\t\t<img decoding=\"async\" src=\"https:\/\/aef-elkantara.fr\/wp-content\/uploads\/2022\/03\/The-plane-flying-at-sunset-airliner-photography_iphone_750x1334-e1646671864784.jpg\" title=\"The-plane-flying-at-sunset-airliner-photography_iphone_750x1334\" alt=\"The-plane-flying-at-sunset-airliner-photography_iphone_750x1334\" loading=\"lazy\" \/>\t\t\t\t\t\t\t\t\t\t\t\t\t\t\t<\/div>\n\t\t\t\t<\/div>\n\t\t\t\t\t<\/div>\n\t\t<\/div>\n\t\t\t\t<div class=\"elementor-column elementor-col-50 elementor-top-column elementor-element elementor-element-e523663\" data-id=\"e523663\" data-element_type=\"column\" data-e-type=\"column\">\n\t\t\t<div class=\"elementor-widget-wrap elementor-element-populated\">\n\t\t\t\t\t\t<div class=\"elementor-element elementor-element-012980f elementor-widget elementor-widget-text-editor\" data-id=\"012980f\" data-element_type=\"widget\" data-e-type=\"widget\" data-widget_type=\"text-editor.default\">\n\t\t\t\t<div class=\"elementor-widget-container\">\n\t\t\t\t\t\t\t\t\t<p>Dans le cadre d\u2019une inhumation et d\u2019un rapatriement en Alg\u00e9rie, les frais compris sont les suivants\u00a0:<\/p><ul><li>Cercueil musulman \u00ab Export \u00bb<\/li><li>D\u00e9marches administratives<\/li><li>Transport apr\u00e8s mise en bi\u00e8re<\/li><li>Vacations fun\u00e9raires<\/li><li>Toilette et c\u00e9r\u00e9monies rituelles<\/li><li>Fret a\u00e9rien vers l\u2019Alg\u00e9rie<\/li><\/ul><p>Seules les sommes r\u00e9ellement engag\u00e9es seront r\u00e9gl\u00e9es \u00e0 la famille, le tout n\u2019exc\u00e9dant pas le montant du forfait s\u2019\u00e9levant \u00e0 2 700 \u20ac.<\/p>\t\t\t\t\t\t\t\t<\/div>\n\t\t\t\t<\/div>\n\t\t\t\t\t<\/div>\n\t\t<\/div>\n\t\t\t\t\t<\/div>\n\t\t<\/section>\n\t\t\t\t<section class=\"elementor-section elementor-top-section elementor-element elementor-element-e528628 elementor-section-boxed elementor-section-height-default elementor-section-height-default\" data-id=\"e528628\" data-element_type=\"section\" data-e-type=\"section\">\n\t\t\t\t\t\t<div class=\"elementor-container elementor-column-gap-default\">\n\t\t\t\t\t<div class=\"elementor-column elementor-col-100 elementor-top-column elementor-element elementor-element-d383979\" data-id=\"d383979\" data-element_type=\"column\" data-e-type=\"column\">\n\t\t\t<div class=\"elementor-widget-wrap elementor-element-populated\">\n\t\t\t\t\t\t<div class=\"elementor-element elementor-element-257d278 elementor-align-center elementor-widget elementor-widget-button\" data-id=\"257d278\" data-element_type=\"widget\" data-e-type=\"widget\" data-widget_type=\"button.default\">\n\t\t\t\t<div class=\"elementor-widget-container\">\n\t\t\t\t\t\t\t\t\t<div class=\"elementor-button-wrapper\">\n\t\t\t\t\t<a class=\"elementor-button elementor-button-link elementor-size-sm\" href=\"https:\/\/aef-elkantara.fr\/index.php\/contact\/\">\n\t\t\t\t\t\t<span class=\"elementor-button-content-wrapper\">\n\t\t\t\t\t\t\t\t\t<span class=\"elementor-button-text\">Contact<\/span>\n\t\t\t\t\t<\/span>\n\t\t\t\t\t<\/a>\n\t\t\t\t<\/div>\n\t\t\t\t\t\t\t\t<\/div>\n\t\t\t\t<\/div>\n\t\t\t\t\t<\/div>\n\t\t<\/div>\n\t\t\t\t\t<\/div>\n\t\t<\/section>\n\t\t\t\t<\/div>\n\t\t","protected":false},"excerpt":{"rendered":"<p>Inhumation en Alg\u00e9rie : Dans le cadre d\u2019une inhumation et d\u2019un rapatriement en Alg\u00e9rie, les frais compris sont les suivants&nbsp;: Cercueil musulman \u00ab Export \u00bb D\u00e9marches administratives Transport apr\u00e8s mise en bi\u00e8re Vacations fun\u00e9raires Toilette et c\u00e9r\u00e9monies rituelles Fret a\u00e9rien vers l\u2019Alg\u00e9rie Seules les sommes r\u00e9ellement engag\u00e9es seront r\u00e9gl\u00e9es \u00e0 [&hellip;]<\/p>\n","protected":false},"author":1,"featured_media":14,"parent":326,"menu_order":0,"comment_status":"closed","ping_status":"closed","template":"","meta":{"_themeisle_gutenberg_block_has_review":false,"footnotes":""},"class_list":["post-328","page","type-page","status-publish","has-post-thumbnail","hentry"],"yoast_head":"<!-- This site is optimized with the Yoast SEO plugin v27.3 - https:\/\/yoast.com\/product\/yoast-seo-wordpress\/ -->\n<title>Inhumation en Alg\u00e9rie - AEF el Kantara<\/title>\n<meta name=\"description\" content=\"Nous accompagnons les familles des d\u00e9funts dans le moment douloureux en proposant un forfait d\u2019inhumation et de rapatriement en Alg\u00e9rie\" \/>\n<meta name=\"robots\" content=\"index, follow, max-snippet:-1, max-image-preview:large, max-video-preview:-1\" \/>\n<link rel=\"canonical\" href=\"https:\/\/aef-elkantara.fr\/index.php\/activites-frais-inhumation\/aides-au-rapatriement-des-defunts-inhumation-en-algerie\/\" \/>\n<meta property=\"og:locale\" content=\"fr_FR\" \/>\n<meta property=\"og:type\" content=\"article\" \/>\n<meta property=\"og:title\" content=\"Inhumation en Alg\u00e9rie - AEF el Kantara\" \/>\n<meta property=\"og:description\" content=\"Nous accompagnons les familles des d\u00e9funts dans le moment douloureux en proposant un forfait d\u2019inhumation et de rapatriement en Alg\u00e9rie\" \/>\n<meta property=\"og:url\" content=\"https:\/\/aef-elkantara.fr\/index.php\/activites-frais-inhumation\/aides-au-rapatriement-des-defunts-inhumation-en-algerie\/\" \/>\n<meta property=\"og:site_name\" content=\"AEF el Kantara\" \/>\n<meta property=\"article:modified_time\" content=\"2022-03-21T17:59:26+00:00\" \/>\n<meta property=\"og:image\" content=\"http:\/\/aef-elkantara.fr\/wp-content\/uploads\/2022\/02\/les-gorges.jpg\" \/>\n\t<meta property=\"og:image:width\" content=\"1280\" \/>\n\t<meta property=\"og:image:height\" content=\"720\" \/>\n\t<meta property=\"og:image:type\" content=\"image\/jpeg\" \/>\n<meta name=\"twitter:card\" content=\"summary_large_image\" \/>\n<meta name=\"twitter:label1\" content=\"Dur\u00e9e de lecture estim\u00e9e\" \/>\n\t<meta name=\"twitter:data1\" content=\"1 minute\" \/>\n<script type=\"application\/ld+json\" class=\"yoast-schema-graph\">{\"@context\":\"https:\\\/\\\/schema.org\",\"@graph\":[{\"@type\":\"WebPage\",\"@id\":\"https:\\\/\\\/aef-elkantara.fr\\\/index.php\\\/activites-frais-inhumation\\\/aides-au-rapatriement-des-defunts-inhumation-en-algerie\\\/\",\"url\":\"https:\\\/\\\/aef-elkantara.fr\\\/index.php\\\/activites-frais-inhumation\\\/aides-au-rapatriement-des-defunts-inhumation-en-algerie\\\/\",\"name\":\"Inhumation en Alg\u00e9rie - AEF el Kantara\",\"isPartOf\":{\"@id\":\"https:\\\/\\\/aef-elkantara.fr\\\/#website\"},\"primaryImageOfPage\":{\"@id\":\"https:\\\/\\\/aef-elkantara.fr\\\/index.php\\\/activites-frais-inhumation\\\/aides-au-rapatriement-des-defunts-inhumation-en-algerie\\\/#primaryimage\"},\"image\":{\"@id\":\"https:\\\/\\\/aef-elkantara.fr\\\/index.php\\\/activites-frais-inhumation\\\/aides-au-rapatriement-des-defunts-inhumation-en-algerie\\\/#primaryimage\"},\"thumbnailUrl\":\"https:\\\/\\\/aef-elkantara.fr\\\/wp-content\\\/uploads\\\/2022\\\/02\\\/les-gorges.jpg\",\"datePublished\":\"2022-02-16T14:31:49+00:00\",\"dateModified\":\"2022-03-21T17:59:26+00:00\",\"description\":\"Nous accompagnons les familles des d\u00e9funts dans le moment douloureux en proposant un forfait d\u2019inhumation et de rapatriement en Alg\u00e9rie\",\"breadcrumb\":{\"@id\":\"https:\\\/\\\/aef-elkantara.fr\\\/index.php\\\/activites-frais-inhumation\\\/aides-au-rapatriement-des-defunts-inhumation-en-algerie\\\/#breadcrumb\"},\"inLanguage\":\"fr-FR\",\"potentialAction\":[{\"@type\":\"ReadAction\",\"target\":[\"https:\\\/\\\/aef-elkantara.fr\\\/index.php\\\/activites-frais-inhumation\\\/aides-au-rapatriement-des-defunts-inhumation-en-algerie\\\/\"]}]},{\"@type\":\"ImageObject\",\"inLanguage\":\"fr-FR\",\"@id\":\"https:\\\/\\\/aef-elkantara.fr\\\/index.php\\\/activites-frais-inhumation\\\/aides-au-rapatriement-des-defunts-inhumation-en-algerie\\\/#primaryimage\",\"url\":\"https:\\\/\\\/aef-elkantara.fr\\\/wp-content\\\/uploads\\\/2022\\\/02\\\/les-gorges.jpg\",\"contentUrl\":\"https:\\\/\\\/aef-elkantara.fr\\\/wp-content\\\/uploads\\\/2022\\\/02\\\/les-gorges.jpg\",\"width\":1280,\"height\":720},{\"@type\":\"BreadcrumbList\",\"@id\":\"https:\\\/\\\/aef-elkantara.fr\\\/index.php\\\/activites-frais-inhumation\\\/aides-au-rapatriement-des-defunts-inhumation-en-algerie\\\/#breadcrumb\",\"itemListElement\":[{\"@type\":\"ListItem\",\"position\":1,\"name\":\"Accueil\",\"item\":\"https:\\\/\\\/aef-elkantara.fr\\\/\"},{\"@type\":\"ListItem\",\"position\":2,\"name\":\"Activit\u00e9s\",\"item\":\"https:\\\/\\\/aef-elkantara.fr\\\/index.php\\\/activites-frais-inhumation\\\/\"},{\"@type\":\"ListItem\",\"position\":3,\"name\":\"Aide au rapatriement des d\u00e9funts\"}]},{\"@type\":\"WebSite\",\"@id\":\"https:\\\/\\\/aef-elkantara.fr\\\/#website\",\"url\":\"https:\\\/\\\/aef-elkantara.fr\\\/\",\"name\":\"AEF el Kantara\",\"description\":\"Assoc d\u2019El Kantara vivant en France\",\"publisher\":{\"@id\":\"https:\\\/\\\/aef-elkantara.fr\\\/#organization\"},\"potentialAction\":[{\"@type\":\"SearchAction\",\"target\":{\"@type\":\"EntryPoint\",\"urlTemplate\":\"https:\\\/\\\/aef-elkantara.fr\\\/?s={search_term_string}\"},\"query-input\":{\"@type\":\"PropertyValueSpecification\",\"valueRequired\":true,\"valueName\":\"search_term_string\"}}],\"inLanguage\":\"fr-FR\"},{\"@type\":\"Organization\",\"@id\":\"https:\\\/\\\/aef-elkantara.fr\\\/#organization\",\"name\":\"AEF el Kantara\",\"url\":\"https:\\\/\\\/aef-elkantara.fr\\\/\",\"logo\":{\"@type\":\"ImageObject\",\"inLanguage\":\"fr-FR\",\"@id\":\"https:\\\/\\\/aef-elkantara.fr\\\/#\\\/schema\\\/logo\\\/image\\\/\",\"url\":\"https:\\\/\\\/aef-elkantara.fr\\\/wp-content\\\/uploads\\\/2022\\\/02\\\/Black-logo-no-background.png\",\"contentUrl\":\"https:\\\/\\\/aef-elkantara.fr\\\/wp-content\\\/uploads\\\/2022\\\/02\\\/Black-logo-no-background.png\",\"width\":3183,\"height\":3113,\"caption\":\"AEF el Kantara\"},\"image\":{\"@id\":\"https:\\\/\\\/aef-elkantara.fr\\\/#\\\/schema\\\/logo\\\/image\\\/\"}}]}<\/script>\n<!-- \/ Yoast SEO plugin. -->","yoast_head_json":{"title":"Inhumation en Alg\u00e9rie - AEF el Kantara","description":"Nous accompagnons les familles des d\u00e9funts dans le moment douloureux en proposant un forfait d\u2019inhumation et de rapatriement en Alg\u00e9rie","robots":{"index":"index","follow":"follow","max-snippet":"max-snippet:-1","max-image-preview":"max-image-preview:large","max-video-preview":"max-video-preview:-1"},"canonical":"https:\/\/aef-elkantara.fr\/index.php\/activites-frais-inhumation\/aides-au-rapatriement-des-defunts-inhumation-en-algerie\/","og_locale":"fr_FR","og_type":"article","og_title":"Inhumation en Alg\u00e9rie - AEF el Kantara","og_description":"Nous accompagnons les familles des d\u00e9funts dans le moment douloureux en proposant un forfait d\u2019inhumation et de rapatriement en Alg\u00e9rie","og_url":"https:\/\/aef-elkantara.fr\/index.php\/activites-frais-inhumation\/aides-au-rapatriement-des-defunts-inhumation-en-algerie\/","og_site_name":"AEF el Kantara","article_modified_time":"2022-03-21T17:59:26+00:00","og_image":[{"width":1280,"height":720,"url":"http:\/\/aef-elkantara.fr\/wp-content\/uploads\/2022\/02\/les-gorges.jpg","type":"image\/jpeg"}],"twitter_card":"summary_large_image","twitter_misc":{"Dur\u00e9e de lecture estim\u00e9e":"1 minute"},"schema":{"@context":"https:\/\/schema.org","@graph":[{"@type":"WebPage","@id":"https:\/\/aef-elkantara.fr\/index.php\/activites-frais-inhumation\/aides-au-rapatriement-des-defunts-inhumation-en-algerie\/","url":"https:\/\/aef-elkantara.fr\/index.php\/activites-frais-inhumation\/aides-au-rapatriement-des-defunts-inhumation-en-algerie\/","name":"Inhumation en Alg\u00e9rie - AEF el Kantara","isPartOf":{"@id":"https:\/\/aef-elkantara.fr\/#website"},"primaryImageOfPage":{"@id":"https:\/\/aef-elkantara.fr\/index.php\/activites-frais-inhumation\/aides-au-rapatriement-des-defunts-inhumation-en-algerie\/#primaryimage"},"image":{"@id":"https:\/\/aef-elkantara.fr\/index.php\/activites-frais-inhumation\/aides-au-rapatriement-des-defunts-inhumation-en-algerie\/#primaryimage"},"thumbnailUrl":"https:\/\/aef-elkantara.fr\/wp-content\/uploads\/2022\/02\/les-gorges.jpg","datePublished":"2022-02-16T14:31:49+00:00","dateModified":"2022-03-21T17:59:26+00:00","description":"Nous accompagnons les familles des d\u00e9funts dans le moment douloureux en proposant un forfait d\u2019inhumation et de rapatriement en Alg\u00e9rie","breadcrumb":{"@id":"https:\/\/aef-elkantara.fr\/index.php\/activites-frais-inhumation\/aides-au-rapatriement-des-defunts-inhumation-en-algerie\/#breadcrumb"},"inLanguage":"fr-FR","potentialAction":[{"@type":"ReadAction","target":["https:\/\/aef-elkantara.fr\/index.php\/activites-frais-inhumation\/aides-au-rapatriement-des-defunts-inhumation-en-algerie\/"]}]},{"@type":"ImageObject","inLanguage":"fr-FR","@id":"https:\/\/aef-elkantara.fr\/index.php\/activites-frais-inhumation\/aides-au-rapatriement-des-defunts-inhumation-en-algerie\/#primaryimage","url":"https:\/\/aef-elkantara.fr\/wp-content\/uploads\/2022\/02\/les-gorges.jpg","contentUrl":"https:\/\/aef-elkantara.fr\/wp-content\/uploads\/2022\/02\/les-gorges.jpg","width":1280,"height":720},{"@type":"BreadcrumbList","@id":"https:\/\/aef-elkantara.fr\/index.php\/activites-frais-inhumation\/aides-au-rapatriement-des-defunts-inhumation-en-algerie\/#breadcrumb","itemListElement":[{"@type":"ListItem","position":1,"name":"Accueil","item":"https:\/\/aef-elkantara.fr\/"},{"@type":"ListItem","position":2,"name":"Activit\u00e9s","item":"https:\/\/aef-elkantara.fr\/index.php\/activites-frais-inhumation\/"},{"@type":"ListItem","position":3,"name":"Aide au rapatriement des d\u00e9funts"}]},{"@type":"WebSite","@id":"https:\/\/aef-elkantara.fr\/#website","url":"https:\/\/aef-elkantara.fr\/","name":"AEF el Kantara","description":"Assoc d\u2019El Kantara vivant en France","publisher":{"@id":"https:\/\/aef-elkantara.fr\/#organization"},"potentialAction":[{"@type":"SearchAction","target":{"@type":"EntryPoint","urlTemplate":"https:\/\/aef-elkantara.fr\/?s={search_term_string}"},"query-input":{"@type":"PropertyValueSpecification","valueRequired":true,"valueName":"search_term_string"}}],"inLanguage":"fr-FR"},{"@type":"Organization","@id":"https:\/\/aef-elkantara.fr\/#organization","name":"AEF el Kantara","url":"https:\/\/aef-elkantara.fr\/","logo":{"@type":"ImageObject","inLanguage":"fr-FR","@id":"https:\/\/aef-elkantara.fr\/#\/schema\/logo\/image\/","url":"https:\/\/aef-elkantara.fr\/wp-content\/uploads\/2022\/02\/Black-logo-no-background.png","contentUrl":"https:\/\/aef-elkantara.fr\/wp-content\/uploads\/2022\/02\/Black-logo-no-background.png","width":3183,"height":3113,"caption":"AEF el Kantara"},"image":{"@id":"https:\/\/aef-elkantara.fr\/#\/schema\/logo\/image\/"}}]}},"_links":{"self":[{"href":"https:\/\/aef-elkantara.fr\/index.php\/wp-json\/wp\/v2\/pages\/328","targetHints":{"allow":["GET"]}}],"collection":[{"href":"https:\/\/aef-elkantara.fr\/index.php\/wp-json\/wp\/v2\/pages"}],"about":[{"href":"https:\/\/aef-elkantara.fr\/index.php\/wp-json\/wp\/v2\/types\/page"}],"author":[{"embeddable":true,"href":"https:\/\/aef-elkantara.fr\/index.php\/wp-json\/wp\/v2\/users\/1"}],"replies":[{"embeddable":true,"href":"https:\/\/aef-elkantara.fr\/index.php\/wp-json\/wp\/v2\/comments?post=328"}],"version-history":[{"count":28,"href":"https:\/\/aef-elkantara.fr\/index.php\/wp-json\/wp\/v2\/pages\/328\/revisions"}],"predecessor-version":[{"id":868,"href":"https:\/\/aef-elkantara.fr\/index.php\/wp-json\/wp\/v2\/pages\/328\/revisions\/868"}],"up":[{"embeddable":true,"href":"https:\/\/aef-elkantara.fr\/index.php\/wp-json\/wp\/v2\/pages\/326"}],"wp:featuredmedia":[{"embeddable":true,"href":"https:\/\/aef-elkantara.fr\/index.php\/wp-json\/wp\/v2\/media\/14"}],"wp:attachment":[{"href":"https:\/\/aef-elkantara.fr\/index.php\/wp-json\/wp\/v2\/media?parent=328"}],"curies":[{"name":"wp","href":"https:\/\/api.w.org\/{rel}","templated":true}]}}