{"id":332,"date":"2022-02-16T15:33:38","date_gmt":"2022-02-16T14:33:38","guid":{"rendered":"https:\/\/aef-elkantara.fr\/?page_id=332"},"modified":"2022-05-06T12:38:38","modified_gmt":"2022-05-06T10:38:38","slug":"donations","status":"publish","type":"page","link":"https:\/\/aef-elkantara.fr\/index.php\/activites-frais-inhumation\/donations\/","title":{"rendered":"Donations"},"content":{"rendered":"\t\t<div data-elementor-type=\"wp-page\" data-elementor-id=\"332\" class=\"elementor elementor-332\">\n\t\t\t\t\t\t<section class=\"elementor-section elementor-top-section elementor-element elementor-element-5453513 elementor-section-boxed elementor-section-height-default elementor-section-height-default\" data-id=\"5453513\" data-element_type=\"section\" data-e-type=\"section\">\n\t\t\t\t\t\t<div class=\"elementor-container elementor-column-gap-default\">\n\t\t\t\t\t<div class=\"elementor-column elementor-col-100 elementor-top-column elementor-element elementor-element-128de72\" data-id=\"128de72\" data-element_type=\"column\" data-e-type=\"column\">\n\t\t\t<div class=\"elementor-widget-wrap elementor-element-populated\">\n\t\t\t\t\t\t<div class=\"elementor-element elementor-element-78ee876 elementor-invisible elementor-widget elementor-widget-shortcode\" data-id=\"78ee876\" data-element_type=\"widget\" data-e-type=\"widget\" data-settings=\"{&quot;_animation&quot;:&quot;fadeInLeft&quot;}\" data-widget_type=\"shortcode.default\">\n\t\t\t\t<div class=\"elementor-widget-container\">\n\t\t\t\t\t\t\t<div class=\"elementor-shortcode\"><span><span><a href=\"https:\/\/aef-elkantara.fr\/\">Accueil<\/a><\/span><\/span><\/div>\n\t\t\t\t\t\t<\/div>\n\t\t\t\t<\/div>\n\t\t\t\t\t<\/div>\n\t\t<\/div>\n\t\t\t\t\t<\/div>\n\t\t<\/section>\n\t\t\t\t<section class=\"elementor-section elementor-top-section elementor-element elementor-element-193e954 elementor-section-boxed elementor-section-height-default elementor-section-height-default\" data-id=\"193e954\" data-element_type=\"section\" data-e-type=\"section\">\n\t\t\t\t\t\t<div class=\"elementor-container elementor-column-gap-default\">\n\t\t\t\t\t<div class=\"elementor-column elementor-col-100 elementor-top-column elementor-element elementor-element-45c60e1\" data-id=\"45c60e1\" data-element_type=\"column\" data-e-type=\"column\">\n\t\t\t<div class=\"elementor-widget-wrap elementor-element-populated\">\n\t\t\t\t\t\t<div class=\"elementor-element elementor-element-9d11725 elementor-widget elementor-widget-heading\" data-id=\"9d11725\" data-element_type=\"widget\" data-e-type=\"widget\" data-widget_type=\"heading.default\">\n\t\t\t\t<div class=\"elementor-widget-container\">\n\t\t\t\t\t<h5 class=\"elementor-heading-title elementor-size-default\">Entraide entre El Kantariens :<\/h5>\t\t\t\t<\/div>\n\t\t\t\t<\/div>\n\t\t\t\t\t<\/div>\n\t\t<\/div>\n\t\t\t\t\t<\/div>\n\t\t<\/section>\n\t\t\t\t<section class=\"elementor-section elementor-top-section elementor-element elementor-element-4c90128 elementor-section-boxed elementor-section-height-default elementor-section-height-default\" data-id=\"4c90128\" data-element_type=\"section\" data-e-type=\"section\">\n\t\t\t\t\t\t<div class=\"elementor-container elementor-column-gap-default\">\n\t\t\t\t\t<div class=\"elementor-column elementor-col-50 elementor-top-column elementor-element elementor-element-d6032a6\" data-id=\"d6032a6\" data-element_type=\"column\" data-e-type=\"column\">\n\t\t\t<div class=\"elementor-widget-wrap elementor-element-populated\">\n\t\t\t\t\t\t<div class=\"elementor-element elementor-element-6d80bb9 elementor-widget elementor-widget-image\" data-id=\"6d80bb9\" data-element_type=\"widget\" data-e-type=\"widget\" data-widget_type=\"image.default\">\n\t\t\t\t<div class=\"elementor-widget-container\">\n\t\t\t\t\t\t\t\t\t\t\t\t\t\t\t<img decoding=\"async\" src=\"https:\/\/aef-elkantara.fr\/wp-content\/uploads\/2022\/03\/donations-3-scaled-e1646673423612.jpg\" title=\"donations 3\" alt=\"donations 3\" loading=\"lazy\" \/>\t\t\t\t\t\t\t\t\t\t\t\t\t\t\t<\/div>\n\t\t\t\t<\/div>\n\t\t\t\t\t<\/div>\n\t\t<\/div>\n\t\t\t\t<div class=\"elementor-column elementor-col-50 elementor-top-column elementor-element elementor-element-a153d07\" data-id=\"a153d07\" data-element_type=\"column\" data-e-type=\"column\">\n\t\t\t<div class=\"elementor-widget-wrap elementor-element-populated\">\n\t\t\t\t\t\t<div class=\"elementor-element elementor-element-5d9be03 elementor-widget elementor-widget-text-editor\" data-id=\"5d9be03\" data-element_type=\"widget\" data-e-type=\"widget\" data-widget_type=\"text-editor.default\">\n\t\t\t\t<div class=\"elementor-widget-container\">\n\t\t\t\t\t\t\t\t\t<p>Dans le contexte sanitaire difficile que nous traversons depuis 2 ans, nous sommes amen\u00e9s \u00e0 r\u00e9aliser des donations pour les h\u00f4pitaux d\u2019Alg\u00e9rie. Par ces actions, nous souhaitons leur apporter un soutien suppl\u00e9mentaire.<\/p><p>D\u2019autres donations ont \u00e9galement \u00e9t\u00e9 faites \u00e0 certains El Kantariens afin qu\u2019ils puissent acheter des fournitures m\u00e9dicales pour leurs proches.<\/p>\t\t\t\t\t\t\t\t<\/div>\n\t\t\t\t<\/div>\n\t\t\t\t\t<\/div>\n\t\t<\/div>\n\t\t\t\t\t<\/div>\n\t\t<\/section>\n\t\t\t\t<section class=\"elementor-section elementor-top-section elementor-element elementor-element-7f81a64 elementor-section-boxed elementor-section-height-default elementor-section-height-default\" data-id=\"7f81a64\" data-element_type=\"section\" data-e-type=\"section\">\n\t\t\t\t\t\t<div class=\"elementor-container elementor-column-gap-default\">\n\t\t\t\t\t<div class=\"elementor-column elementor-col-100 elementor-top-column elementor-element elementor-element-e2dd233\" data-id=\"e2dd233\" data-element_type=\"column\" data-e-type=\"column\">\n\t\t\t<div class=\"elementor-widget-wrap elementor-element-populated\">\n\t\t\t\t\t\t<div class=\"elementor-element elementor-element-045db1e elementor-align-center elementor-widget elementor-widget-button\" data-id=\"045db1e\" data-element_type=\"widget\" data-e-type=\"widget\" data-widget_type=\"button.default\">\n\t\t\t\t<div class=\"elementor-widget-container\">\n\t\t\t\t\t\t\t\t\t<div class=\"elementor-button-wrapper\">\n\t\t\t\t\t<a class=\"elementor-button elementor-button-link elementor-size-sm\" href=\"https:\/\/aef-elkantara.fr\/index.php\/contact\/\">\n\t\t\t\t\t\t<span class=\"elementor-button-content-wrapper\">\n\t\t\t\t\t\t\t\t\t<span class=\"elementor-button-text\">Contact<\/span>\n\t\t\t\t\t<\/span>\n\t\t\t\t\t<\/a>\n\t\t\t\t<\/div>\n\t\t\t\t\t\t\t\t<\/div>\n\t\t\t\t<\/div>\n\t\t\t\t\t<\/div>\n\t\t<\/div>\n\t\t\t\t\t<\/div>\n\t\t<\/section>\n\t\t\t\t<\/div>\n\t\t","protected":false},"excerpt":{"rendered":"<p>Entraide entre El Kantariens : Dans le contexte sanitaire difficile que nous traversons depuis 2 ans, nous sommes amen\u00e9s \u00e0 r\u00e9aliser des donations pour les h\u00f4pitaux d\u2019Alg\u00e9rie. Par ces actions, nous souhaitons leur apporter un soutien suppl\u00e9mentaire. D\u2019autres donations ont \u00e9galement \u00e9t\u00e9 faites \u00e0 certains El Kantariens afin qu\u2019ils puissent [&hellip;]<\/p>\n","protected":false},"author":1,"featured_media":14,"parent":326,"menu_order":0,"comment_status":"closed","ping_status":"closed","template":"","meta":{"_themeisle_gutenberg_block_has_review":false,"footnotes":""},"class_list":["post-332","page","type-page","status-publish","has-post-thumbnail","hentry"],"yoast_head":"<!-- This site is optimized with the Yoast SEO plugin v27.3 - https:\/\/yoast.com\/product\/yoast-seo-wordpress\/ -->\n<title>Donations - AEF el Kantara<\/title>\n<meta name=\"description\" content=\"L&#039;association r\u00e9alise aussi des donations \u00e0 des fins m\u00e9dicales pour des associations locales et des familles d\u2019El Kantara en difficult\u00e9.\" \/>\n<meta name=\"robots\" content=\"index, follow, max-snippet:-1, max-image-preview:large, max-video-preview:-1\" \/>\n<link rel=\"canonical\" href=\"https:\/\/aef-elkantara.fr\/index.php\/activites-frais-inhumation\/donations\/\" \/>\n<meta property=\"og:locale\" content=\"fr_FR\" \/>\n<meta property=\"og:type\" content=\"article\" \/>\n<meta property=\"og:title\" content=\"Donations - AEF el Kantara\" \/>\n<meta property=\"og:description\" content=\"L&#039;association r\u00e9alise aussi des donations \u00e0 des fins m\u00e9dicales pour des associations locales et des familles d\u2019El Kantara en difficult\u00e9.\" \/>\n<meta property=\"og:url\" content=\"https:\/\/aef-elkantara.fr\/index.php\/activites-frais-inhumation\/donations\/\" \/>\n<meta property=\"og:site_name\" content=\"AEF el Kantara\" \/>\n<meta property=\"article:modified_time\" content=\"2022-05-06T10:38:38+00:00\" \/>\n<meta property=\"og:image\" content=\"http:\/\/aef-elkantara.fr\/wp-content\/uploads\/2022\/02\/les-gorges.jpg\" \/>\n\t<meta property=\"og:image:width\" content=\"1280\" \/>\n\t<meta property=\"og:image:height\" content=\"720\" \/>\n\t<meta property=\"og:image:type\" content=\"image\/jpeg\" \/>\n<meta name=\"twitter:card\" content=\"summary_large_image\" \/>\n<meta name=\"twitter:label1\" content=\"Dur\u00e9e de lecture estim\u00e9e\" \/>\n\t<meta name=\"twitter:data1\" content=\"1 minute\" \/>\n<script type=\"application\/ld+json\" class=\"yoast-schema-graph\">{\"@context\":\"https:\\\/\\\/schema.org\",\"@graph\":[{\"@type\":\"WebPage\",\"@id\":\"https:\\\/\\\/aef-elkantara.fr\\\/index.php\\\/activites-frais-inhumation\\\/donations\\\/\",\"url\":\"https:\\\/\\\/aef-elkantara.fr\\\/index.php\\\/activites-frais-inhumation\\\/donations\\\/\",\"name\":\"Donations - AEF el Kantara\",\"isPartOf\":{\"@id\":\"https:\\\/\\\/aef-elkantara.fr\\\/#website\"},\"primaryImageOfPage\":{\"@id\":\"https:\\\/\\\/aef-elkantara.fr\\\/index.php\\\/activites-frais-inhumation\\\/donations\\\/#primaryimage\"},\"image\":{\"@id\":\"https:\\\/\\\/aef-elkantara.fr\\\/index.php\\\/activites-frais-inhumation\\\/donations\\\/#primaryimage\"},\"thumbnailUrl\":\"https:\\\/\\\/aef-elkantara.fr\\\/wp-content\\\/uploads\\\/2022\\\/02\\\/les-gorges.jpg\",\"datePublished\":\"2022-02-16T14:33:38+00:00\",\"dateModified\":\"2022-05-06T10:38:38+00:00\",\"description\":\"L'association r\u00e9alise aussi des donations \u00e0 des fins m\u00e9dicales pour des associations locales et des familles d\u2019El Kantara en difficult\u00e9.\",\"breadcrumb\":{\"@id\":\"https:\\\/\\\/aef-elkantara.fr\\\/index.php\\\/activites-frais-inhumation\\\/donations\\\/#breadcrumb\"},\"inLanguage\":\"fr-FR\",\"potentialAction\":[{\"@type\":\"ReadAction\",\"target\":[\"https:\\\/\\\/aef-elkantara.fr\\\/index.php\\\/activites-frais-inhumation\\\/donations\\\/\"]}]},{\"@type\":\"ImageObject\",\"inLanguage\":\"fr-FR\",\"@id\":\"https:\\\/\\\/aef-elkantara.fr\\\/index.php\\\/activites-frais-inhumation\\\/donations\\\/#primaryimage\",\"url\":\"https:\\\/\\\/aef-elkantara.fr\\\/wp-content\\\/uploads\\\/2022\\\/02\\\/les-gorges.jpg\",\"contentUrl\":\"https:\\\/\\\/aef-elkantara.fr\\\/wp-content\\\/uploads\\\/2022\\\/02\\\/les-gorges.jpg\",\"width\":1280,\"height\":720},{\"@type\":\"BreadcrumbList\",\"@id\":\"https:\\\/\\\/aef-elkantara.fr\\\/index.php\\\/activites-frais-inhumation\\\/donations\\\/#breadcrumb\",\"itemListElement\":[{\"@type\":\"ListItem\",\"position\":1,\"name\":\"Accueil\",\"item\":\"https:\\\/\\\/aef-elkantara.fr\\\/\"},{\"@type\":\"ListItem\",\"position\":2,\"name\":\"Activit\u00e9s\",\"item\":\"https:\\\/\\\/aef-elkantara.fr\\\/index.php\\\/activites-frais-inhumation\\\/\"},{\"@type\":\"ListItem\",\"position\":3,\"name\":\"Donations\"}]},{\"@type\":\"WebSite\",\"@id\":\"https:\\\/\\\/aef-elkantara.fr\\\/#website\",\"url\":\"https:\\\/\\\/aef-elkantara.fr\\\/\",\"name\":\"AEF el Kantara\",\"description\":\"Assoc d\u2019El Kantara vivant en France\",\"publisher\":{\"@id\":\"https:\\\/\\\/aef-elkantara.fr\\\/#organization\"},\"potentialAction\":[{\"@type\":\"SearchAction\",\"target\":{\"@type\":\"EntryPoint\",\"urlTemplate\":\"https:\\\/\\\/aef-elkantara.fr\\\/?s={search_term_string}\"},\"query-input\":{\"@type\":\"PropertyValueSpecification\",\"valueRequired\":true,\"valueName\":\"search_term_string\"}}],\"inLanguage\":\"fr-FR\"},{\"@type\":\"Organization\",\"@id\":\"https:\\\/\\\/aef-elkantara.fr\\\/#organization\",\"name\":\"AEF el Kantara\",\"url\":\"https:\\\/\\\/aef-elkantara.fr\\\/\",\"logo\":{\"@type\":\"ImageObject\",\"inLanguage\":\"fr-FR\",\"@id\":\"https:\\\/\\\/aef-elkantara.fr\\\/#\\\/schema\\\/logo\\\/image\\\/\",\"url\":\"https:\\\/\\\/aef-elkantara.fr\\\/wp-content\\\/uploads\\\/2022\\\/02\\\/Black-logo-no-background.png\",\"contentUrl\":\"https:\\\/\\\/aef-elkantara.fr\\\/wp-content\\\/uploads\\\/2022\\\/02\\\/Black-logo-no-background.png\",\"width\":3183,\"height\":3113,\"caption\":\"AEF el Kantara\"},\"image\":{\"@id\":\"https:\\\/\\\/aef-elkantara.fr\\\/#\\\/schema\\\/logo\\\/image\\\/\"}}]}<\/script>\n<!-- \/ Yoast SEO plugin. -->","yoast_head_json":{"title":"Donations - AEF el Kantara","description":"L'association r\u00e9alise aussi des donations \u00e0 des fins m\u00e9dicales pour des associations locales et des familles d\u2019El Kantara en difficult\u00e9.","robots":{"index":"index","follow":"follow","max-snippet":"max-snippet:-1","max-image-preview":"max-image-preview:large","max-video-preview":"max-video-preview:-1"},"canonical":"https:\/\/aef-elkantara.fr\/index.php\/activites-frais-inhumation\/donations\/","og_locale":"fr_FR","og_type":"article","og_title":"Donations - AEF el Kantara","og_description":"L'association r\u00e9alise aussi des donations \u00e0 des fins m\u00e9dicales pour des associations locales et des familles d\u2019El Kantara en difficult\u00e9.","og_url":"https:\/\/aef-elkantara.fr\/index.php\/activites-frais-inhumation\/donations\/","og_site_name":"AEF el Kantara","article_modified_time":"2022-05-06T10:38:38+00:00","og_image":[{"width":1280,"height":720,"url":"http:\/\/aef-elkantara.fr\/wp-content\/uploads\/2022\/02\/les-gorges.jpg","type":"image\/jpeg"}],"twitter_card":"summary_large_image","twitter_misc":{"Dur\u00e9e de lecture estim\u00e9e":"1 minute"},"schema":{"@context":"https:\/\/schema.org","@graph":[{"@type":"WebPage","@id":"https:\/\/aef-elkantara.fr\/index.php\/activites-frais-inhumation\/donations\/","url":"https:\/\/aef-elkantara.fr\/index.php\/activites-frais-inhumation\/donations\/","name":"Donations - AEF el Kantara","isPartOf":{"@id":"https:\/\/aef-elkantara.fr\/#website"},"primaryImageOfPage":{"@id":"https:\/\/aef-elkantara.fr\/index.php\/activites-frais-inhumation\/donations\/#primaryimage"},"image":{"@id":"https:\/\/aef-elkantara.fr\/index.php\/activites-frais-inhumation\/donations\/#primaryimage"},"thumbnailUrl":"https:\/\/aef-elkantara.fr\/wp-content\/uploads\/2022\/02\/les-gorges.jpg","datePublished":"2022-02-16T14:33:38+00:00","dateModified":"2022-05-06T10:38:38+00:00","description":"L'association r\u00e9alise aussi des donations \u00e0 des fins m\u00e9dicales pour des associations locales et des familles d\u2019El Kantara en difficult\u00e9.","breadcrumb":{"@id":"https:\/\/aef-elkantara.fr\/index.php\/activites-frais-inhumation\/donations\/#breadcrumb"},"inLanguage":"fr-FR","potentialAction":[{"@type":"ReadAction","target":["https:\/\/aef-elkantara.fr\/index.php\/activites-frais-inhumation\/donations\/"]}]},{"@type":"ImageObject","inLanguage":"fr-FR","@id":"https:\/\/aef-elkantara.fr\/index.php\/activites-frais-inhumation\/donations\/#primaryimage","url":"https:\/\/aef-elkantara.fr\/wp-content\/uploads\/2022\/02\/les-gorges.jpg","contentUrl":"https:\/\/aef-elkantara.fr\/wp-content\/uploads\/2022\/02\/les-gorges.jpg","width":1280,"height":720},{"@type":"BreadcrumbList","@id":"https:\/\/aef-elkantara.fr\/index.php\/activites-frais-inhumation\/donations\/#breadcrumb","itemListElement":[{"@type":"ListItem","position":1,"name":"Accueil","item":"https:\/\/aef-elkantara.fr\/"},{"@type":"ListItem","position":2,"name":"Activit\u00e9s","item":"https:\/\/aef-elkantara.fr\/index.php\/activites-frais-inhumation\/"},{"@type":"ListItem","position":3,"name":"Donations"}]},{"@type":"WebSite","@id":"https:\/\/aef-elkantara.fr\/#website","url":"https:\/\/aef-elkantara.fr\/","name":"AEF el Kantara","description":"Assoc d\u2019El Kantara vivant en France","publisher":{"@id":"https:\/\/aef-elkantara.fr\/#organization"},"potentialAction":[{"@type":"SearchAction","target":{"@type":"EntryPoint","urlTemplate":"https:\/\/aef-elkantara.fr\/?s={search_term_string}"},"query-input":{"@type":"PropertyValueSpecification","valueRequired":true,"valueName":"search_term_string"}}],"inLanguage":"fr-FR"},{"@type":"Organization","@id":"https:\/\/aef-elkantara.fr\/#organization","name":"AEF el Kantara","url":"https:\/\/aef-elkantara.fr\/","logo":{"@type":"ImageObject","inLanguage":"fr-FR","@id":"https:\/\/aef-elkantara.fr\/#\/schema\/logo\/image\/","url":"https:\/\/aef-elkantara.fr\/wp-content\/uploads\/2022\/02\/Black-logo-no-background.png","contentUrl":"https:\/\/aef-elkantara.fr\/wp-content\/uploads\/2022\/02\/Black-logo-no-background.png","width":3183,"height":3113,"caption":"AEF el Kantara"},"image":{"@id":"https:\/\/aef-elkantara.fr\/#\/schema\/logo\/image\/"}}]}},"_links":{"self":[{"href":"https:\/\/aef-elkantara.fr\/index.php\/wp-json\/wp\/v2\/pages\/332","targetHints":{"allow":["GET"]}}],"collection":[{"href":"https:\/\/aef-elkantara.fr\/index.php\/wp-json\/wp\/v2\/pages"}],"about":[{"href":"https:\/\/aef-elkantara.fr\/index.php\/wp-json\/wp\/v2\/types\/page"}],"author":[{"embeddable":true,"href":"https:\/\/aef-elkantara.fr\/index.php\/wp-json\/wp\/v2\/users\/1"}],"replies":[{"embeddable":true,"href":"https:\/\/aef-elkantara.fr\/index.php\/wp-json\/wp\/v2\/comments?post=332"}],"version-history":[{"count":21,"href":"https:\/\/aef-elkantara.fr\/index.php\/wp-json\/wp\/v2\/pages\/332\/revisions"}],"predecessor-version":[{"id":928,"href":"https:\/\/aef-elkantara.fr\/index.php\/wp-json\/wp\/v2\/pages\/332\/revisions\/928"}],"up":[{"embeddable":true,"href":"https:\/\/aef-elkantara.fr\/index.php\/wp-json\/wp\/v2\/pages\/326"}],"wp:featuredmedia":[{"embeddable":true,"href":"https:\/\/aef-elkantara.fr\/index.php\/wp-json\/wp\/v2\/media\/14"}],"wp:attachment":[{"href":"https:\/\/aef-elkantara.fr\/index.php\/wp-json\/wp\/v2\/media?parent=332"}],"curies":[{"name":"wp","href":"https:\/\/api.w.org\/{rel}","templated":true}]}}